{"id":11105,"date":"2023-07-13T12:34:05","date_gmt":"2023-07-13T09:34:05","guid":{"rendered":"http:\/\/raionsushi.com.tr\/menu\/?page_id=11105"},"modified":"2024-09-11T14:06:13","modified_gmt":"2024-09-11T11:06:13","slug":"turkce-menu-2","status":"publish","type":"page","link":"https:\/\/raionsushi.com.tr\/menu\/","title":{"rendered":"T\u00fcrk\u00e7e Men\u00fc"},"content":{"rendered":"<section class=\"wpb-content-wrapper\"><div id=\"modal-ready\"><p>[vc_row][vc_column][vc_accordion active_tab=&#8221;999&#8243; collapsible=&#8221;yes&#8221; disable_keyboard=&#8221;yes&#8221;][vc_accordion_tab title=&#8221;APERAT\u0130FLER&#8221; el_id=&#8221;aperatifler&#8221;][vc_basic_grid post_type=&#8221;post&#8221; max_items=&#8221;-1&#8243; element_width=&#8221;3&#8243; orderby=&#8221;menu_order&#8221; item=&#8221;38&#8243; grid_id=&#8221;vc_gid:1726052763195-b1e5ff95-925f-4&#8243; taxonomies=&#8221;1182&#8243;][\/vc_accordion_tab][vc_accordion_tab title=&#8221;NIGIRI&#8221; el_id=&#8221;nigiri&#8221;][vc_basic_grid post_type=&#8221;post&#8221; max_items=&#8221;-1&#8243; element_width=&#8221;3&#8243; orderby=&#8221;menu_order&#8221; item=&#8221;38&#8243; grid_id=&#8221;vc_gid:1726052763196-d0958dcd-5a09-10&#8243; taxonomies=&#8221;1187&#8243;][\/vc_accordion_tab][vc_accordion_tab title=&#8221;PREMIUM ROLL&#8221; el_id=&#8221;premiumroll&#8221;][vc_basic_grid post_type=&#8221;post&#8221; max_items=&#8221;-1&#8243; element_width=&#8221;3&#8243; orderby=&#8221;menu_order&#8221; item=&#8221;38&#8243; grid_id=&#8221;vc_gid:1726052763196-5f87c755-b471-9&#8243; taxonomies=&#8221;1188&#8243;][\/vc_accordion_tab][vc_accordion_tab title=&#8221;SUSHI ROLL&#8221; el_id=&#8221;sushiroll&#8221;][vc_basic_grid post_type=&#8221;post&#8221; max_items=&#8221;-1&#8243; element_width=&#8221;3&#8243; orderby=&#8221;menu_order&#8221; item=&#8221;38&#8243; grid_id=&#8221;vc_gid:1726052763196-0b9fe1ac-686f-4&#8243; taxonomies=&#8221;1190&#8243;][\/vc_accordion_tab][vc_accordion_tab title=&#8221;MAKI&#8221; el_id=&#8221;maki&#8221;][vc_basic_grid post_type=&#8221;post&#8221; max_items=&#8221;-1&#8243; element_width=&#8221;3&#8243; orderby=&#8221;menu_order&#8221; item=&#8221;38&#8243; grid_id=&#8221;vc_gid:1726052763197-0512b9df-4c2d-6&#8243; taxonomies=&#8221;1185&#8243;][\/vc_accordion_tab][vc_accordion_tab title=&#8221;GUNKAN MAKI&#8221; el_id=&#8221;gunkanmaki&#8221;][vc_basic_grid post_type=&#8221;post&#8221; max_items=&#8221;-1&#8243; element_width=&#8221;3&#8243; orderby=&#8221;menu_order&#8221; item=&#8221;38&#8243; grid_id=&#8221;vc_gid:1726052763197-047de3e3-fe22-7&#8243; taxonomies=&#8221;1184&#8243;][\/vc_accordion_tab][vc_accordion_tab title=&#8221;TEMAKI&#8221; el_id=&#8221;temaki&#8221;][vc_basic_grid post_type=&#8221;post&#8221; max_items=&#8221;-1&#8243; element_width=&#8221;3&#8243; orderby=&#8221;menu_order&#8221; item=&#8221;38&#8243; grid_id=&#8221;vc_gid:1726052763197-145205e0-8e1c-8&#8243; taxonomies=&#8221;1193&#8243;][\/vc_accordion_tab][vc_accordion_tab title=&#8221;SASHIMI&#8221; el_id=&#8221;sashimi&#8221;][vc_basic_grid post_type=&#8221;post&#8221; max_items=&#8221;-1&#8243; element_width=&#8221;3&#8243; orderby=&#8221;menu_order&#8221; item=&#8221;38&#8243; grid_id=&#8221;vc_gid:1726052763197-6b7f6578-3651-3&#8243; taxonomies=&#8221;1189&#8243;][\/vc_accordion_tab][vc_accordion_tab title=&#8221;MIX&#8221; el_id=&#8221;mix&#8221;][vc_basic_grid post_type=&#8221;post&#8221; max_items=&#8221;-1&#8243; element_width=&#8221;3&#8243; orderby=&#8221;menu_order&#8221; item=&#8221;38&#8243; grid_id=&#8221;vc_gid:1726052763197-fcfad250-d7da-2&#8243; taxonomies=&#8221;1186&#8243;][\/vc_accordion_tab][vc_accordion_tab title=&#8221;\u0130\u00c7ECEKLER&#8221; el_id=&#8221;icecekler&#8221;][vc_basic_grid post_type=&#8221;post&#8221; max_items=&#8221;-1&#8243; element_width=&#8221;3&#8243; orderby=&#8221;title&#8221; item=&#8221;4818&#8243; grid_id=&#8221;vc_gid:1726052763198-9924657f-4a6e-2&#8243; taxonomies=&#8221;1194&#8243;][\/vc_accordion_tab][\/vc_accordion][\/vc_column][\/vc_row]<\/p>\n<\/div><\/section>","protected":false},"excerpt":{"rendered":"<p>[vc_row][vc_column][vc_accordion active_tab=&#8221;999&#8243; collapsible=&#8221;yes&#8221; disable_keyboard=&#8221;yes&#8221;][vc_accordion_tab title=&#8221;APERAT\u0130FLER&#8221; el_id=&#8221;aperatifler&#8221;][vc_basic_grid post_type=&#8221;post&#8221; max_items=&#8221;-1&#8243; element_width=&#8221;3&#8243; orderby=&#8221;menu_order&#8221; item=&#8221;38&#8243; grid_id=&#8221;vc_gid:1726052763195-b1e5ff95-925f-4&#8243; taxonomies=&#8221;1182&#8243;][\/vc_accordion_tab][vc_accordion_tab title=&#8221;NIGIRI&#8221; el_id=&#8221;nigiri&#8221;][vc_basic_grid post_type=&#8221;post&#8221; max_items=&#8221;-1&#8243; element_width=&#8221;3&#8243; orderby=&#8221;menu_order&#8221; item=&#8221;38&#8243; grid_id=&#8221;vc_gid:1726052763196-d0958dcd-5a09-10&#8243; taxonomies=&#8221;1187&#8243;][\/vc_accordion_tab][vc_accordion_tab title=&#8221;PREMIUM ROLL&#8221; el_id=&#8221;premiumroll&#8221;][vc_basic_grid post_type=&#8221;post&#8221; max_items=&#8221;-1&#8243; element_width=&#8221;3&#8243; orderby=&#8221;menu_order&#8221; item=&#8221;38&#8243; [&hellip;]<\/p>\n","protected":false},"author":1,"featured_media":0,"parent":0,"menu_order":0,"comment_status":"closed","ping_status":"closed","template":"","meta":{"footnotes":""},"class_list":["post-11105","page","type-page","status-publish","hentry"],"acf":[],"_links":{"self":[{"href":"https:\/\/raionsushi.com.tr\/menu\/index.php?rest_route=\/wp\/v2\/pages\/11105","targetHints":{"allow":["GET"]}}],"collection":[{"href":"https:\/\/raionsushi.com.tr\/menu\/index.php?rest_route=\/wp\/v2\/pages"}],"about":[{"href":"https:\/\/raionsushi.com.tr\/menu\/index.php?rest_route=\/wp\/v2\/types\/page"}],"author":[{"embeddable":true,"href":"https:\/\/raionsushi.com.tr\/menu\/index.php?rest_route=\/wp\/v2\/users\/1"}],"replies":[{"embeddable":true,"href":"https:\/\/raionsushi.com.tr\/menu\/index.php?rest_route=%2Fwp%2Fv2%2Fcomments&post=11105"}],"version-history":[{"count":8,"href":"https:\/\/raionsushi.com.tr\/menu\/index.php?rest_route=\/wp\/v2\/pages\/11105\/revisions"}],"predecessor-version":[{"id":12549,"href":"https:\/\/raionsushi.com.tr\/menu\/index.php?rest_route=\/wp\/v2\/pages\/11105\/revisions\/12549"}],"wp:attachment":[{"href":"https:\/\/raionsushi.com.tr\/menu\/index.php?rest_route=%2Fwp%2Fv2%2Fmedia&parent=11105"}],"curies":[{"name":"wp","href":"https:\/\/api.w.org\/{rel}","templated":true}]}}